{"id":23307,"date":"2024-11-06T12:52:00","date_gmt":"2024-11-06T11:52:00","guid":{"rendered":"https:\/\/www.hrsume.hr\/rebioforests\/"},"modified":"2025-09-23T12:11:53","modified_gmt":"2025-09-23T10:11:53","slug":"rebioforests","status":"publish","type":"page","link":"https:\/\/www.hrsume.hr\/en\/rebioforests\/","title":{"rendered":"REBIOFORESTS"},"content":{"rendered":"<p>[vc_row css=&#8221;.vc_custom_1668672530510{margin-top: 30px !important;margin-bottom: 30px !important;padding-top: 30px !important;}&#8221; el_class=&#8221;euprojekti-iconbox-fix&#8221;][vc_column][vc_column_text]<\/p>\n<p style=\"text-align: right;\"><a href=\"https:\/\/www.hrsume.hr\/en\/rebioforests\/\">Hrvatski <img loading=\"lazy\" decoding=\"async\" class=\"alignnone wp-image-22791\" src=\"https:\/\/www.hrsume.hr\/wp-content\/uploads\/2024\/12\/Hrvatski-Croatia-300x150.png\" alt=\"\" width=\"36\" height=\"18\" srcset=\"https:\/\/www.hrsume.hr\/wp-content\/uploads\/2024\/12\/Hrvatski-Croatia-300x150.png 300w, https:\/\/www.hrsume.hr\/wp-content\/uploads\/2024\/12\/Hrvatski-Croatia.png 800w\" sizes=\"auto, (max-width: 36px) 100vw, 36px\" \/><\/a><\/p>\n<p>[\/vc_column_text][\/vc_column][\/vc_row][vc_row css=&#8221;.vc_custom_1668672530510{margin-top: 30px !important;margin-bottom: 30px !important;padding-top: 30px !important;}&#8221; el_class=&#8221;euprojekti-iconbox-fix&#8221;][vc_column width=&#8221;1\/4&#8243;]<style>.ld_icon_box_69ed3278f0bb2 .lqd-iconbox-title{margin-bottom:px;}.ld_icon_box_69ed3278f0bb2 .iconbox-icon-container{border-radius:px;}<\/style>\n<div class=\"iconbox text-align-default iconbox-circle iconbox-heading-sm iconbox-project ld_icon_box_69ed3278f0bb2\" id=\"ld_icon_box_69ed3278f0bb2\"  data-animate-icon=\"true\"  >\n\t\n\t\t\t\t\t\n\t\n\t<div class=\"iconbox-icon-wrap\"><span class=\"iconbox-icon-container\"><i class=\"fas fa-project-diagram\"><\/i><\/span><\/div>\t\n\t\t\n\t<div class=\"contents\">\t\n\t\t\n\t<h3 class=\"font-weight-semibold\">Funded by:<\/h3>\t<p style=\"text-align: center\">Interreg IPA Cross \u2013 Border Coopeartion Programme Croatia \u2013 Serbia 2021 -2027<\/p>\n\t\t\n\t<\/div>\t\n\t\n<\/div>\n[\/vc_column][vc_column width=&#8221;1\/4&#8243;]<style>.ld_icon_box_69ed3278f2512 .lqd-iconbox-title{margin-bottom:px;}.ld_icon_box_69ed3278f2512 .iconbox-icon-container{border-radius:px;}<\/style>\n<div class=\"iconbox text-align-default iconbox-circle iconbox-heading-sm iconbox-project ld_icon_box_69ed3278f2512 vc_custom_1734951490103\" id=\"ld_icon_box_69ed3278f2512\"  data-animate-icon=\"true\"  >\n\t\n\t\t\t\t\t\n\t\n\t<div class=\"iconbox-icon-wrap\"><span class=\"iconbox-icon-container\"><i class=\"fas fa-coins\"><\/i><\/span><\/div>\t\n\t\t\n\t\t\n\t\t\n\t<h3 class=\"font-weight-semibold\">Total project value:<\/h3>\t\t\t\n\t\t\n\t\n<\/div>\n\n<style>.ld_counter_69ed3278f2846 .lqd-counter-element{font-size:24px;font-weight:500;}.ld_counter_69ed3278f2846{color:rgb(95, 105, 115);}<\/style><div id=\"ld_counter_69ed3278f2846\" class=\"lqd-counter lqd-counter-default text-center ld_counter_69ed3278f2846\">\n\n\t<div class=\"lqd-counter-element \" data-enable-counter=\"true\" data-counter-options='{\"targetNumber\":\"1.655.501,66 \\u20ac\",\"startDelay\":\"500\"}'>\n\t\t<span>1.655.501,66 \u20ac<\/span>\t<\/div><!-- \/.lqd-counter-element -->\n\t\n<\/div><!-- \/.lqd-counter lqd-counter-huge -->[\/vc_column][vc_column width=&#8221;1\/4&#8243;]<style>.ld_icon_box_69ed3278f29c9 .lqd-iconbox-title{margin-bottom:px;}.ld_icon_box_69ed3278f29c9 .iconbox-icon-container{border-radius:px;}<\/style>\n<div class=\"iconbox text-align-default iconbox-circle iconbox-heading-sm iconbox-project ld_icon_box_69ed3278f29c9 vc_custom_1734951553111\" id=\"ld_icon_box_69ed3278f29c9\"  data-animate-icon=\"true\"  >\n\t\n\t\t\t\t\t\n\t\n\t<div class=\"iconbox-icon-wrap\"><span class=\"iconbox-icon-container\"><i class=\"fas fa-coins\"><\/i><\/span><\/div>\t\n\t\t\n\t\t\n\t\t\n\t<h3 class=\"font-weight-semibold\">Project Value for Croatian Forests:<\/h3>\t\t\t\n\t\t\n\t\n<\/div>\n\n<style>.ld_counter_69ed3278f2b55 .lqd-counter-element{font-size:24px;font-weight:500;}.ld_counter_69ed3278f2b55{color:rgb(95, 105, 115);}<\/style><div id=\"ld_counter_69ed3278f2b55\" class=\"lqd-counter lqd-counter-default text-center ld_counter_69ed3278f2b55\">\n\n\t<div class=\"lqd-counter-element \" data-enable-counter=\"true\" data-counter-options='{\"targetNumber\":\"618.963 \\u20ac\",\"startDelay\":\"500\"}'>\n\t\t<span>618.963 \u20ac<\/span>\t<\/div><!-- \/.lqd-counter-element -->\n\t\n<\/div><!-- \/.lqd-counter lqd-counter-huge -->[\/vc_column][vc_column width=&#8221;1\/4&#8243;]<style>.ld_icon_box_69ed3278f2cee .lqd-iconbox-title{margin-bottom:px;}.ld_icon_box_69ed3278f2cee .iconbox-icon-container{border-radius:px;}<\/style>\n<div class=\"iconbox text-align-default iconbox-circle iconbox-heading-sm iconbox-project ld_icon_box_69ed3278f2cee\" id=\"ld_icon_box_69ed3278f2cee\"  data-animate-icon=\"true\"  >\n\t\n\t\t\t\t\t\n\t\n\t<div class=\"iconbox-icon-wrap\"><span class=\"iconbox-icon-container\"><i class=\"far fa-calendar-alt\"><\/i><\/span><\/div>\t\n\t\t\n\t<div class=\"contents\">\t\n\t\t\n\t<h3 class=\"font-weight-semibold\">Project duration:<\/h3>\t<p style=\"text-align: center\">September 1, 2024 \u2013 February 28, 2027<\/p>\n\t\t\n\t<\/div>\t\n\t\n<\/div>\n[\/vc_column][\/vc_row][vc_row][vc_column width=&#8221;1\/4&#8243;]<div  class=\"lqd-simple-heading-wrap ld_simple_heading_69ed3278f2e93\">\n<h6 class=\"lqd-simple-heading\">\n\tLead partner:<\/h6>\n<\/div>[vc_separator color=&#8221;custom&#8221; align=&#8221;align_left&#8221; border_width=&#8221;5&#8243; el_width=&#8221;10&#8243; accent_color=&#8221;#019846&#8243;][vc_column_text]Croatian Forests ltd.[\/vc_column_text]<style>.ld_spacer_69ed3278f2f4b{height:30px;}<\/style>\n<div class=\"ld-empty-space ld_spacer_69ed3278f2f4b\"><\/div>[\/vc_column][vc_column width=&#8221;1\/4&#8243;]<div  class=\"lqd-simple-heading-wrap ld_simple_heading_69ed3278f2fde\">\n<h6 class=\"lqd-simple-heading\">\n\tProject partners:<\/h6>\n<\/div>[vc_separator color=&#8221;custom&#8221; align=&#8221;align_left&#8221; border_width=&#8221;5&#8243; el_width=&#8221;10&#8243; accent_color=&#8221;#019846&#8243;][vc_column_text]<\/p>\n<ul>\n<li>Public Company Vojvodina\u0161ume<\/li>\n<li>Croatian Forest Research Institute<\/li>\n<li>Institute of Lowland Forestry and Environment<\/li>\n<li>Competence Centre Ltd. for reserarch and development, Vinkovci<\/li>\n<\/ul>\n<p>[\/vc_column_text]<style>.ld_spacer_69ed3278f306b{height:30px;}<\/style>\n<div class=\"ld-empty-space ld_spacer_69ed3278f306b\"><\/div>[\/vc_column][vc_column width=&#8221;1\/4&#8243;]<div  class=\"lqd-simple-heading-wrap ld_simple_heading_69ed3278f30d4\">\n<h6 class=\"lqd-simple-heading\">\n\tProject implementation area:<\/h6>\n<\/div>[vc_separator color=&#8221;custom&#8221; align=&#8221;align_left&#8221; border_width=&#8221;5&#8243; el_width=&#8221;10&#8243; accent_color=&#8221;#019846&#8243;][vc_column_text]<\/p>\n<ul>\n<li>Spa\u010dva \u2013 Bosut Basin<\/li>\n<\/ul>\n<p>[\/vc_column_text]<style>.ld_spacer_69ed3278f3166{height:30px;}<\/style>\n<div class=\"ld-empty-space ld_spacer_69ed3278f3166\"><\/div>[\/vc_column][vc_column column_content_align=&#8221;justify-content-start&#8221; width=&#8221;1\/4&#8243;]<style>.ld_images_group_element_69ed3278f323e {margin-top:30px !important;  } @media (min-width: 992px) { .ld_images_group_element_69ed3278f323e {margin-right:-12% !important;  }  } .ld_images_group_element_69ed3278f323e {margin-top:30px !important;  } @media (min-width: 992px) { .ld_images_group_element_69ed3278f323e {margin-right:-12% !important;  }  } <\/style><div id=\"ld_images_group_element_69ed3278f323e\" class=\"lqd-imggrp-single text-center ld_images_group_element_69ed3278f323e\" data-shadow-style=\"4\" data-roundness=\"8\" data-inview=\"true\" data-animate-shadow=\"true\"  >\n\t\n\t<div class=\"lqd-imggrp-img-container\"    data-parallax=\"true\" data-parallax-from='{\"y\":60}' data-parallax-to='{\"y\":-75}' data-parallax-options='{\"overflowHidden\":false,\"ease\":\"linear\",\"start\":\"top bottom\"}'>\n\t\t\n\t\t\t\t\n\t\t\t\t<figure ><img loading=\"lazy\" decoding=\"async\" width=\"999\" height=\"457\" src=\"https:\/\/www.hrsume.hr\/wp-content\/uploads\/2025\/07\/REBIOFORESTS-logo.png\" class=\"attachment-full size-full\" alt=\"\" srcset=\"https:\/\/www.hrsume.hr\/wp-content\/uploads\/2025\/07\/REBIOFORESTS-logo.png 999w, https:\/\/www.hrsume.hr\/wp-content\/uploads\/2025\/07\/REBIOFORESTS-logo-300x137.png 300w\" sizes=\"auto, (max-width: 999px) 100vw, 999px\" \/><\/figure>\t\t\t\t\t\t\t\t\n\t<\/div><!-- \/.lqd-imggrp-content -->\n<\/div><!-- \/.lqd-imggrp-single -->[\/vc_column][\/vc_row][vc_row][vc_column]<div  class=\"lqd-simple-heading-wrap ld_simple_heading_69ed32790085b\">\n<h6 class=\"lqd-simple-heading\">\n\tProject objective:<\/h6>\n<\/div>[vc_separator color=&#8221;custom&#8221; align=&#8221;align_left&#8221; border_width=&#8221;5&#8243; el_width=&#8221;10&#8243; accent_color=&#8221;#019846&#8243;][\/vc_column][\/vc_row][vc_row content_placement=&#8221;middle&#8221; row_scale_bg_onhover=&#8221;yes&#8221; css=&#8221;.vc_custom_1656938556784{margin-bottom: 50px !important;padding-top: 20px !important;background-position: center !important;background-repeat: no-repeat !important;background-size: cover !important;}&#8221;][vc_column align=&#8221;text-center&#8221; offset=&#8221;vc_col-md-7&#8243; responsive_align=&#8221;text-md-left&#8221;][vc_column_text]Revitalization of forests in the Spa\u010dva basin to conservation biodiversity and increase resilience to climate change.<\/p>\n<p>Enhanced cross-border capacity for better resilience of forest ecosystems to climate change.[\/vc_column_text][\/vc_column][vc_column column_content_align=&#8221;justify-content-center&#8221; enable_content_animation=&#8221;yes&#8221; ca_init_scale_x=&#8221;1&#8243; ca_init_scale_y=&#8221;1&#8243; ca_init_opacity=&#8221;0&#8243; ca_an_scale_x=&#8221;1&#8243; ca_an_scale_y=&#8221;1&#8243; ca_an_opacity=&#8221;1&#8243; align=&#8221;text-center&#8221; offset=&#8221;vc_col-md-offset-2 vc_col-md-3&#8243; ca_init_translate_y=&#8221;39&#8243; responsive_align=&#8221;text-md-right&#8221;]<a href=\"https:\/\/interreg-croatia-serbia.eu\/\" class=\"btn btn-solid border-thin btn-has-label ld_button_69ed3279009ba\" >\n\t<span>\n\t\t\n\t\t\t\t\t<span class=\"btn-txt\" data-text=\"LINK\" >LINK<\/span>\n\t\t\t\n\t\t\t\t\t<\/span>\n<\/a>\n[\/vc_column][\/vc_row][vc_row][vc_column]<div  class=\"lqd-simple-heading-wrap ld_simple_heading_69ed32790156b\">\n<h6 class=\"lqd-simple-heading\">\n\tPlanned activities:<\/h6>\n<\/div>[vc_separator color=&#8221;custom&#8221; align=&#8221;align_left&#8221; border_width=&#8221;5&#8243; el_width=&#8221;10&#8243; accent_color=&#8221;#019846&#8243;][vc_column_text]<\/p>\n<ul>\n<li>Basseline assesssment \u2013 dana collection from existing sources and advanced field observations<\/li>\n<li>Development of a Green Action Plan for improving the state forest ecosystems in the Spa\u010dva \u2013 Bosut Basin<\/li>\n<li>Preparation and establishment of pilot areas<\/li>\n<li>Joint demonstration of pilot area restoration using a new forest restoration solution<\/li>\n<li>Establishment of a cross \u2013 border gene bank<\/li>\n<li>Joint development of a forest ecosystem restoration solution<\/li>\n<li>Dissemination of results and preparation of solutions for uptake by organizations<\/li>\n<\/ul>\n<p>[\/vc_column_text]<style>.ld_spacer_69ed32790162a{height:32px;}<\/style>\n<div class=\"ld-empty-space ld_spacer_69ed32790162a\"><\/div>[\/vc_column][\/vc_row][vc_row][vc_column]<div  class=\"lqd-simple-heading-wrap ld_simple_heading_69ed3279016e9\">\n<h6 class=\"lqd-simple-heading\">\n\tExpected results:<\/h6>\n<\/div>[vc_separator color=&#8221;custom&#8221; align=&#8221;align_left&#8221; border_width=&#8221;5&#8243; el_width=&#8221;10&#8243; accent_color=&#8221;#019846&#8243;][vc_column_text]<\/p>\n<ul>\n<li>Joint Green Action Plan developed<\/li>\n<li>New soil preparation and planting methodologies<\/li>\n<li>Forest ecosystem restoration model<\/li>\n<\/ul>\n<p>[\/vc_column_text]<style>.ld_spacer_69ed3279017ac{height:30px;}<\/style>\n<div class=\"ld-empty-space ld_spacer_69ed3279017ac\"><\/div><style>.ld_spacer_69ed32790181c{height:30px;}<\/style>\n<div class=\"ld-empty-space ld_spacer_69ed32790181c\"><\/div>[\/vc_column][\/vc_row][vc_row el_class=&#8221;euprojekti-blog-section&#8221;][vc_column]<div  class=\"lqd-simple-heading-wrap ld_simple_heading_69ed327901897\">\n<h6 class=\"lqd-simple-heading\">\n\tThe amount of grants from the Interreg VI-A IPA Programme Croatia-Serbia is<\/h6>\n<\/div>[vc_separator color=&#8221;custom&#8221; align=&#8221;align_left&#8221; border_width=&#8221;5&#8243; el_width=&#8221;10&#8243; accent_color=&#8221;#019846&#8243;]<div  class=\"lqd-simple-heading-wrap ld_simple_heading_69ed32790192b\">\n<h5 class=\"lqd-simple-heading\">\n\t1.407.176,41 \u20ac<\/h5>\n<\/div><style>.ld_spacer_69ed3279019c8{height:32px;}<\/style>\n<div class=\"ld-empty-space ld_spacer_69ed3279019c8\"><\/div><style>.ld_spacer_69ed327901a28{height:32px;}<\/style>\n<div class=\"ld-empty-space ld_spacer_69ed327901a28\"><\/div><style>.ld_icon_box_69ed327901b55 .lqd-iconbox-title{margin-bottom:px;}.ld_icon_box_69ed327901b55 .iconbox-icon-container{border-radius:px;}<\/style>\n<div class=\"iconbox text-align-default ld_icon_box_69ed327901b55 vc_custom_1740654440549\" id=\"ld_icon_box_69ed327901b55\"  data-animate-icon=\"true\"  >\n\t\n\t\t\t\t\t\n\t\n\t<div class=\"iconbox-icon-wrap\"><span class=\"iconbox-icon-container\"><i class=\"fas fa-info-circle\"><\/i><\/span><\/div>\t\n\t\t\n\t<div class=\"contents\">\t\n\t\t\n\t<h3 class=\"lqd-iconbox-title \">Disclaimer<\/h3>\t<p>The content of this page is the sole responsibility of Croatian Forests ltd. \u00a0and does not necessarily reflect the views of the European Union.<\/p>\n\t\t\n\t<\/div>\t\n\t\n<\/div>\n[\/vc_column][\/vc_row]<\/p>\n","protected":false},"excerpt":{"rendered":"<p>[vc_row css=&#8221;.vc_custom_1668672530510{margin-top: 30px !important;margin-bottom: 30px !important;padding-top: 30px !important;}&#8221; el_class=&#8221;euprojekti-iconbox-fix&#8221;][vc_column][vc_column_text] Hrvatski [\/vc_column_text][\/vc_column][\/vc_row][vc_row css=&#8221;.vc_custom_1668672530510{margin-top: 30px !important;margin-bottom: 30px !important;padding-top: 30px !important;}&#8221; el_class=&#8221;euprojekti-iconbox-fix&#8221;][vc_column width=&#8221;1\/4&#8243;][\/vc_column][vc_column width=&#8221;1\/4&#8243;][\/vc_column][vc_column width=&#8221;1\/4&#8243;][\/vc_column][vc_column width=&#8221;1\/4&#8243;][\/vc_column][\/vc_row][vc_row][vc_column width=&#8221;1\/4&#8243;][vc_separator color=&#8221;custom&#8221; align=&#8221;align_left&#8221; border_width=&#8221;5&#8243; el_width=&#8221;10&#8243; accent_color=&#8221;#019846&#8243;][vc_column_text]Croatian Forests ltd.[\/vc_column_text][\/vc_column][vc_column width=&#8221;1\/4&#8243;][vc_separator color=&#8221;custom&#8221; align=&#8221;align_left&#8221; border_width=&#8221;5&#8243; el_width=&#8221;10&#8243; accent_color=&#8221;#019846&#8243;][vc_column_text] Public Company Vojvodina\u0161ume Croatian Forest Research Institute Institute of Lowland Forestry and Environment Competence Centre Ltd. for reserarch [&hellip;]<\/p>\n","protected":false},"author":14,"featured_media":0,"parent":0,"menu_order":0,"comment_status":"closed","ping_status":"closed","template":"","meta":{"_seopress_robots_primary_cat":"","_seopress_titles_title":"REBIOFORESTS","_seopress_titles_desc":"Ja\u010danje prekograni\u010dnog kapaciteta za bolju klimatsku otpornost \u0161umskih ekosustava naprednom procjenom, testiranjem i demonstracijom rje\u0161enja  za obnovu ekosustava","_seopress_robots_index":"","footnotes":""},"class_list":["post-23307","page","type-page","status-publish","hentry"],"publishpress_future_action":{"enabled":false,"date":"2026-05-02 23:30:33","action":"change-status","newStatus":"draft","terms":[],"taxonomy":"translation_priority"},"publishpress_future_workflow_manual_trigger":{"enabledWorkflows":[]},"_links":{"self":[{"href":"https:\/\/www.hrsume.hr\/en\/wp-json\/wp\/v2\/pages\/23307","targetHints":{"allow":["GET"]}}],"collection":[{"href":"https:\/\/www.hrsume.hr\/en\/wp-json\/wp\/v2\/pages"}],"about":[{"href":"https:\/\/www.hrsume.hr\/en\/wp-json\/wp\/v2\/types\/page"}],"author":[{"embeddable":true,"href":"https:\/\/www.hrsume.hr\/en\/wp-json\/wp\/v2\/users\/14"}],"replies":[{"embeddable":true,"href":"https:\/\/www.hrsume.hr\/en\/wp-json\/wp\/v2\/comments?post=23307"}],"version-history":[{"count":5,"href":"https:\/\/www.hrsume.hr\/en\/wp-json\/wp\/v2\/pages\/23307\/revisions"}],"predecessor-version":[{"id":24601,"href":"https:\/\/www.hrsume.hr\/en\/wp-json\/wp\/v2\/pages\/23307\/revisions\/24601"}],"wp:attachment":[{"href":"https:\/\/www.hrsume.hr\/en\/wp-json\/wp\/v2\/media?parent=23307"}],"curies":[{"name":"wp","href":"https:\/\/api.w.org\/{rel}","templated":true}]}}